{"id":958,"date":"2024-07-09T08:14:50","date_gmt":"2024-07-09T06:14:50","guid":{"rendered":"https:\/\/comercialcostas.com\/?page_id=958"},"modified":"2024-07-09T08:25:33","modified_gmt":"2024-07-09T06:25:33","slug":"politica-de-calidad","status":"publish","type":"page","link":"https:\/\/comercialcostas.com\/pt\/politica-de-calidad\/","title":{"rendered":"Pol\u00edtica de Calidad"},"content":{"rendered":"<div data-elementor-type=\"wp-page\" data-elementor-id=\"958\" class=\"elementor elementor-958\">\n\t\t\t\t\t\t\t\t\t<section class=\"elementor-section elementor-top-section elementor-element elementor-element-50fa064 elementor-section-boxed elementor-section-height-default elementor-section-height-default\" data-id=\"50fa064\" data-element_type=\"section\">\n\t\t\t\t\t\t<div class=\"elementor-container elementor-column-gap-default\">\n\t\t\t\t\t<div class=\"elementor-column elementor-col-100 elementor-top-column elementor-element elementor-element-72b5754\" data-id=\"72b5754\" data-element_type=\"column\">\n\t\t\t<div class=\"elementor-widget-wrap elementor-element-populated\">\n\t\t\t\t\t\t\t\t<div class=\"elementor-element elementor-element-f9be91b elementor-widget elementor-widget-heading\" data-id=\"f9be91b\" data-element_type=\"widget\" data-widget_type=\"heading.default\">\n\t\t\t\t<div class=\"elementor-widget-container\">\n\t\t\t<style>\/*! elementor - v3.14.0 - 18-06-2023 *\/\n.elementor-heading-title{padding:0;margin:0;line-height:1}.elementor-widget-heading .elementor-heading-title[class*=elementor-size-]>a{color:inherit;font-size:inherit;line-height:inherit}.elementor-widget-heading .elementor-heading-title.elementor-size-small{font-size:15px}.elementor-widget-heading .elementor-heading-title.elementor-size-medium{font-size:19px}.elementor-widget-heading .elementor-heading-title.elementor-size-large{font-size:29px}.elementor-widget-heading .elementor-heading-title.elementor-size-xl{font-size:39px}.elementor-widget-heading .elementor-heading-title.elementor-size-xxl{font-size:59px}<\/style><h1 class=\"elementor-heading-title elementor-size-default\">Pol\u00edtica de Calidad<\/h1>\t\t<\/div>\n\t\t\t\t<\/div>\n\t\t\t\t<div class=\"elementor-element elementor-element-f33b4e5 elementor-widget elementor-widget-spacer\" data-id=\"f33b4e5\" data-element_type=\"widget\" data-widget_type=\"spacer.default\">\n\t\t\t\t<div class=\"elementor-widget-container\">\n\t\t\t<style>\/*! elementor - v3.14.0 - 18-06-2023 *\/\n.elementor-column .elementor-spacer-inner{height:var(--spacer-size)}.e-con{--container-widget-width:100%}.e-con-inner>.elementor-widget-spacer,.e-con>.elementor-widget-spacer{width:var(--container-widget-width,var(--spacer-size));--align-self:var(--container-widget-align-self,initial);--flex-shrink:0}.e-con-inner>.elementor-widget-spacer>.elementor-widget-container,.e-con-inner>.elementor-widget-spacer>.elementor-widget-container>.elementor-spacer,.e-con>.elementor-widget-spacer>.elementor-widget-container,.e-con>.elementor-widget-spacer>.elementor-widget-container>.elementor-spacer{height:100%}.e-con-inner>.elementor-widget-spacer>.elementor-widget-container>.elementor-spacer>.elementor-spacer-inner,.e-con>.elementor-widget-spacer>.elementor-widget-container>.elementor-spacer>.elementor-spacer-inner{height:var(--container-widget-height,var(--spacer-size))}<\/style>\t\t<div class=\"elementor-spacer\">\n\t\t\t<div class=\"elementor-spacer-inner\"><\/div>\n\t\t<\/div>\n\t\t\t\t<\/div>\n\t\t\t\t<\/div>\n\t\t\t\t<div class=\"elementor-element elementor-element-ef33c87 elementor-widget elementor-widget-text-editor\" data-id=\"ef33c87\" data-element_type=\"widget\" data-widget_type=\"text-editor.default\">\n\t\t\t\t<div class=\"elementor-widget-container\">\n\t\t\t<style>\/*! elementor - v3.14.0 - 18-06-2023 *\/\n.elementor-widget-text-editor.elementor-drop-cap-view-stacked .elementor-drop-cap{background-color:#69727d;color:#fff}.elementor-widget-text-editor.elementor-drop-cap-view-framed .elementor-drop-cap{color:#69727d;border:3px solid;background-color:transparent}.elementor-widget-text-editor:not(.elementor-drop-cap-view-default) .elementor-drop-cap{margin-top:8px}.elementor-widget-text-editor:not(.elementor-drop-cap-view-default) .elementor-drop-cap-letter{width:1em;height:1em}.elementor-widget-text-editor .elementor-drop-cap{float:left;text-align:center;line-height:1;font-size:50px}.elementor-widget-text-editor .elementor-drop-cap-letter{display:inline-block}<\/style>\t\t\t\t<p><strong>COMERCIAL ANTONIO COSTAS<\/strong> lleva m\u00e1s de 40 a\u00f1os como empresa dedicada a la venta y distribuci\u00f3n de materiales del sector de la fontaner\u00eda, calefacci\u00f3n, gas y aire acondicionado en sus instalaciones ubicadas en el centro de Vigo (C\/ Tom\u00e1s Alonso, n\u00ba 14).<\/p><p>Para alcanzar el mejor servicio al cliente y su plena satisfacci\u00f3n apostamos por la calidad en el servicio de venta y distribuci\u00f3n aportando un valor a\u00f1adido basado en el asesoramiento al cliente gracias a la experiencia y formaci\u00f3n continuada de nuestro personal, agilidad en la respuesta a nuestros clientes, as\u00ed como al servicio postventa siguiendo en todo momento las siguientes premisas y compromisos de calidad:<\/p><p><strong>1.<\/strong> Organizar y conseguir el control constante de nuestros procesos de gesti\u00f3n de Calidad, e y promover la mejora continua del Sistema en nuestra organizaci\u00f3n.<\/p><p><strong>2.<\/strong> Evaluaci\u00f3n continua de nuestros proveedores y nuevos proveedores con el fin de ofrecer en todo momento los productos y soluciones m\u00e1s novedosas en el sector de la fontaner\u00eda, calefacci\u00f3n y aire acondicionado.<\/p><p><strong>3.<\/strong> Formaci\u00f3n continua del personal sobre productos, equipos y marcas del sector.<\/p><p><strong>4.<\/strong> Aportar valor al cliente con un servicio de asesoramiento y marcas del especializado.<\/p><p><strong>5.<\/strong> Fomento de la colaboraci\u00f3n entre clientes y proveedores alcanzando relaciones beneficiosas para ambas partes.<\/p><p>La Direcci\u00f3n de <strong>COMERCIAL ANTONIO COSTAS<\/strong> reconoce que para la consecuci\u00f3n de estos compromisos es imprescindible promover los conceptos de calidad total de forma que la norma de hacer las cosas bien a la primera sea un objetivo de todo el equipo de nuestra empresa independientemente de la tarea que realice, convirti\u00e9ndose en una tarea colectiva en la cual debemos implicarnos todos.<\/p><p><strong>La Direcci\u00f3n<\/strong><\/p>\t\t\t\t\t\t<\/div>\n\t\t\t\t<\/div>\n\t\t\t\t\t<\/div>\n\t\t<\/div>\n\t\t\t\t\t\t\t<\/div>\n\t\t<\/section>\n\t\t\t\t\t\t\t<\/div>","protected":false},"excerpt":{"rendered":"<p>Pol\u00edtica de Calidad COMERCIAL ANTONIO COSTAS lleva m\u00e1s de 40 a\u00f1os como empresa dedicada a la venta y distribuci\u00f3n de materiales del sector de la fontaner\u00eda, calefacci\u00f3n, gas y aire acondicionado en sus instalaciones ubicadas en el centro de Vigo (C\/ Tom\u00e1s Alonso, n\u00ba 14). Para alcanzar el mejor servicio al cliente y su plena&hellip;&nbsp;<a href=\"https:\/\/comercialcostas.com\/pt\/politica-de-calidad\/\" class=\"\" rel=\"bookmark\">Read More &raquo;<span class=\"screen-reader-text\">Pol\u00edtica de Calidad<\/span><\/a><\/p>","protected":false},"author":1,"featured_media":0,"parent":0,"menu_order":0,"comment_status":"closed","ping_status":"closed","template":"page-templates\/template-pagebuilder-full-width.php","meta":{"neve_meta_sidebar":"","neve_meta_container":"","neve_meta_enable_content_width":"","neve_meta_content_width":0,"neve_meta_title_alignment":"","neve_meta_author_avatar":"","neve_post_elements_order":"","neve_meta_disable_header":"","neve_meta_disable_footer":"","neve_meta_disable_title":""},"yoast_head":"<!-- This site is optimized with the Yoast SEO plugin v20.9 - https:\/\/yoast.com\/wordpress\/plugins\/seo\/ -->\n<title>Pol\u00edtica de Calidad - Comercial Costas<\/title>\n<meta name=\"robots\" content=\"index, follow, max-snippet:-1, max-image-preview:large, max-video-preview:-1\" \/>\n<link rel=\"canonical\" href=\"https:\/\/comercialcostas.com\/pt\/politica-de-calidad\/\" \/>\n<meta property=\"og:locale\" content=\"pt_PT\" \/>\n<meta property=\"og:type\" content=\"article\" \/>\n<meta property=\"og:title\" content=\"Pol\u00edtica de Calidad - Comercial Costas\" \/>\n<meta property=\"og:description\" content=\"Pol\u00edtica de Calidad COMERCIAL ANTONIO COSTAS lleva m\u00e1s de 40 a\u00f1os como empresa dedicada a la venta y distribuci\u00f3n de materiales del sector de la fontaner\u00eda, calefacci\u00f3n, gas y aire acondicionado en sus instalaciones ubicadas en el centro de Vigo (C\/ Tom\u00e1s Alonso, n\u00ba 14). Para alcanzar el mejor servicio al cliente y su plena&hellip;&nbsp;Read More &raquo;Pol\u00edtica de Calidad\" \/>\n<meta property=\"og:url\" content=\"https:\/\/comercialcostas.com\/pt\/politica-de-calidad\/\" \/>\n<meta property=\"og:site_name\" content=\"Comercial Costas\" \/>\n<meta property=\"article:publisher\" content=\"https:\/\/www.facebook.com\/comercialcostasfernandez\/\" \/>\n<meta property=\"article:modified_time\" content=\"2024-07-09T06:25:33+00:00\" \/>\n<meta name=\"twitter:card\" content=\"summary_large_image\" \/>\n<meta name=\"twitter:label1\" content=\"Est. reading time\" \/>\n\t<meta name=\"twitter:data1\" content=\"2 minutes\" \/>\n<script type=\"application\/ld+json\" class=\"yoast-schema-graph\">{\"@context\":\"https:\/\/schema.org\",\"@graph\":[{\"@type\":\"WebPage\",\"@id\":\"https:\/\/comercialcostas.com\/politica-de-calidad\/\",\"url\":\"https:\/\/comercialcostas.com\/politica-de-calidad\/\",\"name\":\"Pol\u00edtica de Calidad - Comercial Costas\",\"isPartOf\":{\"@id\":\"https:\/\/comercialcostas.com\/#website\"},\"datePublished\":\"2024-07-09T06:14:50+00:00\",\"dateModified\":\"2024-07-09T06:25:33+00:00\",\"inLanguage\":\"pt-PT\",\"potentialAction\":[{\"@type\":\"ReadAction\",\"target\":[\"https:\/\/comercialcostas.com\/politica-de-calidad\/\"]}]},{\"@type\":\"WebSite\",\"@id\":\"https:\/\/comercialcostas.com\/#website\",\"url\":\"https:\/\/comercialcostas.com\/\",\"name\":\"Comercial Costas\",\"description\":\"\",\"publisher\":{\"@id\":\"https:\/\/comercialcostas.com\/#organization\"},\"potentialAction\":[{\"@type\":\"SearchAction\",\"target\":{\"@type\":\"EntryPoint\",\"urlTemplate\":\"https:\/\/comercialcostas.com\/?s={search_term_string}\"},\"query-input\":\"required name=search_term_string\"}],\"inLanguage\":\"pt-PT\"},{\"@type\":\"Organization\",\"@id\":\"https:\/\/comercialcostas.com\/#organization\",\"name\":\"Comercial Costas\",\"url\":\"https:\/\/comercialcostas.com\/\",\"logo\":{\"@type\":\"ImageObject\",\"inLanguage\":\"pt-PT\",\"@id\":\"https:\/\/comercialcostas.com\/#\/schema\/logo\/image\/\",\"url\":\"https:\/\/comercialcostas.com\/wp-content\/uploads\/2023\/01\/301683744_401473612108353_5137361906652368743_n.jpg\",\"contentUrl\":\"https:\/\/comercialcostas.com\/wp-content\/uploads\/2023\/01\/301683744_401473612108353_5137361906652368743_n.jpg\",\"width\":400,\"height\":333,\"caption\":\"Comercial Costas\"},\"image\":{\"@id\":\"https:\/\/comercialcostas.com\/#\/schema\/logo\/image\/\"},\"sameAs\":[\"https:\/\/www.facebook.com\/comercialcostasfernandez\/\"]}]}<\/script>\n<!-- \/ Yoast SEO plugin. -->","yoast_head_json":{"title":"Pol\u00edtica de Calidad - Comercial Costas","robots":{"index":"index","follow":"follow","max-snippet":"max-snippet:-1","max-image-preview":"max-image-preview:large","max-video-preview":"max-video-preview:-1"},"canonical":"https:\/\/comercialcostas.com\/pt\/politica-de-calidad\/","og_locale":"pt_PT","og_type":"article","og_title":"Pol\u00edtica de Calidad - Comercial Costas","og_description":"Pol\u00edtica de Calidad COMERCIAL ANTONIO COSTAS lleva m\u00e1s de 40 a\u00f1os como empresa dedicada a la venta y distribuci\u00f3n de materiales del sector de la fontaner\u00eda, calefacci\u00f3n, gas y aire acondicionado en sus instalaciones ubicadas en el centro de Vigo (C\/ Tom\u00e1s Alonso, n\u00ba 14). Para alcanzar el mejor servicio al cliente y su plena&hellip;&nbsp;Read More &raquo;Pol\u00edtica de Calidad","og_url":"https:\/\/comercialcostas.com\/pt\/politica-de-calidad\/","og_site_name":"Comercial Costas","article_publisher":"https:\/\/www.facebook.com\/comercialcostasfernandez\/","article_modified_time":"2024-07-09T06:25:33+00:00","twitter_card":"summary_large_image","twitter_misc":{"Est. reading time":"2 minutes"},"schema":{"@context":"https:\/\/schema.org","@graph":[{"@type":"WebPage","@id":"https:\/\/comercialcostas.com\/politica-de-calidad\/","url":"https:\/\/comercialcostas.com\/politica-de-calidad\/","name":"Pol\u00edtica de Calidad - Comercial Costas","isPartOf":{"@id":"https:\/\/comercialcostas.com\/#website"},"datePublished":"2024-07-09T06:14:50+00:00","dateModified":"2024-07-09T06:25:33+00:00","inLanguage":"pt-PT","potentialAction":[{"@type":"ReadAction","target":["https:\/\/comercialcostas.com\/politica-de-calidad\/"]}]},{"@type":"WebSite","@id":"https:\/\/comercialcostas.com\/#website","url":"https:\/\/comercialcostas.com\/","name":"Comercial Costas","description":"","publisher":{"@id":"https:\/\/comercialcostas.com\/#organization"},"potentialAction":[{"@type":"SearchAction","target":{"@type":"EntryPoint","urlTemplate":"https:\/\/comercialcostas.com\/?s={search_term_string}"},"query-input":"required name=search_term_string"}],"inLanguage":"pt-PT"},{"@type":"Organization","@id":"https:\/\/comercialcostas.com\/#organization","name":"Comercial Costas","url":"https:\/\/comercialcostas.com\/","logo":{"@type":"ImageObject","inLanguage":"pt-PT","@id":"https:\/\/comercialcostas.com\/#\/schema\/logo\/image\/","url":"https:\/\/comercialcostas.com\/wp-content\/uploads\/2023\/01\/301683744_401473612108353_5137361906652368743_n.jpg","contentUrl":"https:\/\/comercialcostas.com\/wp-content\/uploads\/2023\/01\/301683744_401473612108353_5137361906652368743_n.jpg","width":400,"height":333,"caption":"Comercial Costas"},"image":{"@id":"https:\/\/comercialcostas.com\/#\/schema\/logo\/image\/"},"sameAs":["https:\/\/www.facebook.com\/comercialcostasfernandez\/"]}]}},"_links":{"self":[{"href":"https:\/\/comercialcostas.com\/pt\/wp-json\/wp\/v2\/pages\/958"}],"collection":[{"href":"https:\/\/comercialcostas.com\/pt\/wp-json\/wp\/v2\/pages"}],"about":[{"href":"https:\/\/comercialcostas.com\/pt\/wp-json\/wp\/v2\/types\/page"}],"author":[{"embeddable":true,"href":"https:\/\/comercialcostas.com\/pt\/wp-json\/wp\/v2\/users\/1"}],"replies":[{"embeddable":true,"href":"https:\/\/comercialcostas.com\/pt\/wp-json\/wp\/v2\/comments?post=958"}],"version-history":[{"count":10,"href":"https:\/\/comercialcostas.com\/pt\/wp-json\/wp\/v2\/pages\/958\/revisions"}],"predecessor-version":[{"id":972,"href":"https:\/\/comercialcostas.com\/pt\/wp-json\/wp\/v2\/pages\/958\/revisions\/972"}],"wp:attachment":[{"href":"https:\/\/comercialcostas.com\/pt\/wp-json\/wp\/v2\/media?parent=958"}],"curies":[{"name":"wp","href":"https:\/\/api.w.org\/{rel}","templated":true}]}}