{"id":890,"date":"2023-05-11T11:20:53","date_gmt":"2023-05-11T09:20:53","guid":{"rendered":"https:\/\/comercialcostas.com\/?page_id=890"},"modified":"2023-05-11T11:30:52","modified_gmt":"2023-05-11T09:30:52","slug":"politica-de-privacidad","status":"publish","type":"page","link":"https:\/\/comercialcostas.com\/pt\/politica-de-privacidad\/","title":{"rendered":"Pol\u00edtica de privacidade"},"content":{"rendered":"<div data-elementor-type=\"wp-page\" data-elementor-id=\"890\" class=\"elementor elementor-890\">\n\t\t\t\t\t\t\t\t\t<section class=\"elementor-section elementor-top-section elementor-element elementor-element-50fa064 elementor-section-boxed elementor-section-height-default elementor-section-height-default\" data-id=\"50fa064\" data-element_type=\"section\">\n\t\t\t\t\t\t<div class=\"elementor-container elementor-column-gap-default\">\n\t\t\t\t\t<div class=\"elementor-column elementor-col-100 elementor-top-column elementor-element elementor-element-72b5754\" data-id=\"72b5754\" data-element_type=\"column\">\n\t\t\t<div class=\"elementor-widget-wrap elementor-element-populated\">\n\t\t\t\t\t\t\t\t<div class=\"elementor-element elementor-element-f9be91b elementor-widget elementor-widget-heading\" data-id=\"f9be91b\" data-element_type=\"widget\" data-widget_type=\"heading.default\">\n\t\t\t\t<div class=\"elementor-widget-container\">\n\t\t\t<style>\/*! elementor - v3.14.0 - 18-06-2023 *\/\n.elementor-heading-title{padding:0;margin:0;line-height:1}.elementor-widget-heading .elementor-heading-title[class*=elementor-size-]>a{color:inherit;font-size:inherit;line-height:inherit}.elementor-widget-heading .elementor-heading-title.elementor-size-small{font-size:15px}.elementor-widget-heading .elementor-heading-title.elementor-size-medium{font-size:19px}.elementor-widget-heading .elementor-heading-title.elementor-size-large{font-size:29px}.elementor-widget-heading .elementor-heading-title.elementor-size-xl{font-size:39px}.elementor-widget-heading .elementor-heading-title.elementor-size-xxl{font-size:59px}<\/style><h2 class=\"elementor-heading-title elementor-size-default\">Pol\u00edtica de privacidade<\/h2>\t\t<\/div>\n\t\t\t\t<\/div>\n\t\t\t\t<div class=\"elementor-element elementor-element-ef33c87 elementor-widget elementor-widget-text-editor\" data-id=\"ef33c87\" data-element_type=\"widget\" data-widget_type=\"text-editor.default\">\n\t\t\t\t<div class=\"elementor-widget-container\">\n\t\t\t<style>\/*! elementor - v3.14.0 - 18-06-2023 *\/\n.elementor-widget-text-editor.elementor-drop-cap-view-stacked .elementor-drop-cap{background-color:#69727d;color:#fff}.elementor-widget-text-editor.elementor-drop-cap-view-framed .elementor-drop-cap{color:#69727d;border:3px solid;background-color:transparent}.elementor-widget-text-editor:not(.elementor-drop-cap-view-default) .elementor-drop-cap{margin-top:8px}.elementor-widget-text-editor:not(.elementor-drop-cap-view-default) .elementor-drop-cap-letter{width:1em;height:1em}.elementor-widget-text-editor .elementor-drop-cap{float:left;text-align:center;line-height:1;font-size:50px}.elementor-widget-text-editor .elementor-drop-cap-letter{display:inline-block}<\/style>\t\t\t\t<p>O Propriet\u00e1rio informa-o da sua Pol\u00edtica de Privacidade relativa ao tratamento e \u00e0 protec\u00e7\u00e3o dos dados pessoais dos utilizadores que podem ser recolhidos durante a navega\u00e7\u00e3o no Website:\u00a0<a href=\"https:\/\/comercialcostas.com\/pt\/politica-de-privacidad\/\">https:\/\/comercialcostas.com<\/a><\/p><p>A este respeito, o Controlador de Dados garante o cumprimento da legisla\u00e7\u00e3o em vigor sobre a protec\u00e7\u00e3o de dados pessoais, reflectida na Lei Org\u00e2nica 3\/2018, de 5 de Dezembro, sobre a Protec\u00e7\u00e3o de Dados Pessoais e a Garantia dos Direitos Digitais (LOPD GDD). Cumpre igualmente o Regulamento (UE) 2016\/679 do Parlamento Europeu e do Conselho, de 27 de Abril de 2016, relativo \u00e0 protec\u00e7\u00e3o das pessoas singulares (RGPD).<\/p><p>A utiliza\u00e7\u00e3o deste s\u00edtio Web constitui a aceita\u00e7\u00e3o da presente pol\u00edtica de privacidade.<\/p><h2>Identidade da pessoa respons\u00e1vel<\/h2><ul><li><b>Respons\u00e1vel:<\/b>\u00a0 COMERCIAL ANTONIO COSTAS FERNANDEZ S.L..<\/li><li><b>NIF:<\/b>\u00a0B36739233<\/li><li><b>Endere\u00e7o:<\/b>\u00a0 TOM\u00c1S A. ALONSO, 14, Pontevedra &#8211; Espa\u00f1a.<\/li><li><b>Correio electr\u00f3nico:<\/b>\u00a0 info@comercialcostas.com<\/li><li><b>N\u00famero de telefone de contacto:<\/b>\u00a0 986 230.101<\/li><li><b>S\u00edtio Web:<\/b>\u00a0\u00a0<a href=\"https:\/\/comercialcostas.com\/pt\/politica-de-privacidad\/\">https:\/\/comercialcostas.com<\/a><\/li><\/ul><p>\u00a0<\/p><h2>Princ\u00edpios aplicados no tratamento de dados<\/h2><p>Ao tratar os seus dados pessoais, o respons\u00e1vel pelo tratamento de dados aplica os seguintes princ\u00edpios, que est\u00e3o em conformidade com os requisitos do novo Regulamento Europeu de Protec\u00e7\u00e3o de Dados (RGPD):<\/p><ul><li>Princ\u00edpio da licitude, da lealdade e da transpar\u00eancia: O respons\u00e1vel pelo tratamento exigir\u00e1 sempre o consentimento para o tratamento dos dados pessoais, que pode ter uma ou mais finalidades espec\u00edficas sobre as quais o respons\u00e1vel pelo tratamento informar\u00e1 previamente o utilizador com absoluta transpar\u00eancia.<\/li><li>Princ\u00edpio da minimiza\u00e7\u00e3o dos dados: O respons\u00e1vel pelo tratamento de dados solicita apenas os dados estritamente necess\u00e1rios para a(s) finalidade(s) para a(s) qual(is) os dados s\u00e3o solicitados.<\/li><li>Princ\u00edpio da limita\u00e7\u00e3o do per\u00edodo de conserva\u00e7\u00e3o: O Respons\u00e1vel pelo Tratamento de Dados conserva os dados pessoais recolhidos durante o tempo estritamente necess\u00e1rio para a(s) finalidade(s) do tratamento. O respons\u00e1vel pelo tratamento de dados informa o utilizador do per\u00edodo de conserva\u00e7\u00e3o relevante de acordo com a finalidade.<br \/>No caso das subscri\u00e7\u00f5es, o Respons\u00e1vel pelo Registo proceder\u00e1 \u00e0 revis\u00e3o peri\u00f3dica das listas e remover\u00e1 os registos que tenham estado inactivos durante um per\u00edodo de tempo consider\u00e1vel.<\/li><li>Princ\u00edpio da integridade e confidencialidade: Os dados pessoais recolhidos ser\u00e3o tratados de forma a garantir a sua seguran\u00e7a, confidencialidade e integridade.<br \/>O respons\u00e1vel pelo tratamento de dados toma as precau\u00e7\u00f5es necess\u00e1rias para impedir o acesso n\u00e3o autorizado ou a utiliza\u00e7\u00e3o abusiva dos dados dos seus utilizadores por terceiros.<\/li><\/ul><p>\u00a0<\/p><h2>Recolha de dados pessoais<\/h2><p>N\u00e3o \u00e9 necess\u00e1rio fornecer quaisquer dados pessoais para navegar no s\u00edtio Web.<\/p><h2>Direitos<\/h2><p>A pessoa em causa informa-o de que tem o direito de:<\/p><ul><li>Solicitar o acesso aos dados armazenados.<\/li><li>Solicitar a rectifica\u00e7\u00e3o ou o apagamento.<\/li><li>Solicitar a limita\u00e7\u00e3o do seu tratamento.<\/li><li>De se opor a um tratamento.<\/li><li>Solicitar a portabilidade dos seus dados.<\/li><\/ul><p>O exerc\u00edcio destes direitos \u00e9 pessoal e, por conseguinte, deve ser exercido directamente pela pessoa em causa, solicitando-o directamente ao respons\u00e1vel pelo tratamento, o que significa que qualquer cliente, assinante ou colaborador que tenha fornecido os seus dados em qualquer momento pode contactar o respons\u00e1vel pelo tratamento e solicitar informa\u00e7\u00f5es sobre os dados armazenados e a forma como foram obtidos, solicitar a rectifica\u00e7\u00e3o dos dados, solicitar a portabilidade dos seus dados pessoais, opor-se ao tratamento, limitar a sua utiliza\u00e7\u00e3o ou solicitar a elimina\u00e7\u00e3o desses dados dos ficheiros do respons\u00e1vel pelo tratamento.<\/p><p>Para exercer os seus direitos, envie o seu pedido, acompanhado de uma fotoc\u00f3pia do seu bilhete de identidade nacional ou equivalente, para o seguinte endere\u00e7o electr\u00f3nico: info@comercialcostas.com<\/p><p>O exerc\u00edcio destes direitos n\u00e3o inclui quaisquer dados que o respons\u00e1vel pelo tratamento de dados seja obrigado a conservar para fins administrativos, legais ou de seguran\u00e7a.<\/p><p>O utilizador tem direito a uma protec\u00e7\u00e3o judicial eficaz e a apresentar uma queixa \u00e0 autoridade de controlo, neste caso a Ag\u00eancia Espanhola de Protec\u00e7\u00e3o de Dados, se considerar que o tratamento dos dados pessoais que lhe dizem respeito viola o regulamento.<\/p><h2 id=\"finalidad-del-tratamiento-de-datos-personales\">Objectivo do tratamento de dados pessoais<\/h2><p>Quando o utilizador se liga ao Website para enviar um e-mail ao Propriet\u00e1rio, subscrever a sua newsletter, est\u00e1 a fornecer informa\u00e7\u00f5es pessoais pelas quais o Propriet\u00e1rio \u00e9 respons\u00e1vel. Estas informa\u00e7\u00f5es podem incluir dados pessoais, tais como o seu endere\u00e7o IP, nome e apelido, endere\u00e7o f\u00edsico, endere\u00e7o de correio electr\u00f3nico, n\u00famero de telefone e outras informa\u00e7\u00f5es. Ao fornecer estas informa\u00e7\u00f5es, est\u00e1 a consentir a recolha, utiliza\u00e7\u00e3o, gest\u00e3o e armazenamento das suas informa\u00e7\u00f5es por - Plesk.com -<\/p><p>Os dados pessoais e a finalidade do tratamento pelo respons\u00e1vel pelos dados s\u00e3o diferentes consoante o sistema de recolha de informa\u00e7\u00f5es:<\/p><p>Existem outras finalidades para as quais o Respons\u00e1vel pelo Tratamento de Dados trata os dados pessoais:<\/p><ul><li>Para garantir o cumprimento das condi\u00e7\u00f5es estabelecidas na legisla\u00e7\u00e3o aplic\u00e1vel. Isto pode incluir o desenvolvimento de ferramentas e algoritmos para ajudar o Website a garantir a confidencialidade dos dados pessoais que recolhe.<\/li><li>Para apoiar e melhorar os servi\u00e7os oferecidos por este s\u00edtio Web.<\/li><li>Gerir as redes sociais. O Respons\u00e1vel pelo tratamento est\u00e1 presente nas redes sociais. Se se tornar seguidor nas redes sociais do Respons\u00e1vel, o tratamento dos dados pessoais ser\u00e1 regido por esta sec\u00e7\u00e3o, bem como pelas condi\u00e7\u00f5es de utiliza\u00e7\u00e3o, pol\u00edticas de privacidade e regulamentos de acesso que pertencem \u00e0 rede social que se aplica em cada caso e que tenha aceite previamente.<br \/>Pode consultar as pol\u00edticas de privacidade das principais redes sociais seguindo estas liga\u00e7\u00f5es:<ul><li><a href=\"https:\/\/www.facebook.com\/help\/cookies\" target=\"_blank\" rel=\"nofollow noopener\">Facebook<\/a><\/li><li><a href=\"https:\/\/twitter.com\/privacy\" target=\"_blank\" rel=\"nofollow noopener\">Twitter<\/a><\/li><li><a href=\"https:\/\/www.linkedin.com\/legal\/cookie-policy\" target=\"_blank\" rel=\"nofollow noopener\">Linkedin<\/a><\/li><li><a href=\"https:\/\/www.youtube.com\/privacy\" target=\"_blank\" rel=\"nofollow noopener\">YouTube<\/a><\/li><li><a href=\"https:\/\/www.instagram.com\/legal\/privacy\/\" target=\"_blank\" rel=\"nofollow noopener\">Instagram<\/a><\/li><\/ul><p>O Titular tratar\u00e1 os seus dados pessoais para gerir correctamente a sua presen\u00e7a na rede social, inform\u00e1-lo das suas actividades, bem como para qualquer outra finalidade que os regulamentos das redes sociais permitam. Em nenhum caso o Titular utilizar\u00e1 os perfis dos seguidores nas redes sociais para enviar publicidade individualmente.<\/p><\/li><\/ul><h2>Seguran\u00e7a dos dados pessoais<\/h2><p>Para proteger os seus dados pessoais, o Respons\u00e1vel pelo tratamento de dados toma todas as precau\u00e7\u00f5es razo\u00e1veis e segue as melhores pr\u00e1ticas da ind\u00fastria para evitar a perda, utiliza\u00e7\u00e3o indevida, acesso impr\u00f3prio, divulga\u00e7\u00e3o, altera\u00e7\u00e3o ou destrui\u00e7\u00e3o dos seus dados pessoais.<\/p><p>O site est\u00e1 alojado em: Plesk.com. A seguran\u00e7a dos dados \u00e9 garantida, uma vez que tomam todas as medidas de seguran\u00e7a necess\u00e1rias para o efeito. Pode consultar a sua pol\u00edtica de privacidade para mais informa\u00e7\u00f5es.<\/p><p>O Respons\u00e1vel informa o Utilizador de que os seus dados pessoais n\u00e3o ser\u00e3o transferidos para organiza\u00e7\u00f5es terceiras, com a excep\u00e7\u00e3o de que essa transfer\u00eancia de dados est\u00e1 coberta por uma obriga\u00e7\u00e3o legal ou quando a presta\u00e7\u00e3o de um servi\u00e7o implica a necessidade de uma rela\u00e7\u00e3o contratual com um processador de dados. Neste \u00faltimo caso, a transfer\u00eancia de dados para terceiros s\u00f3 ser\u00e1 efectuada quando o respons\u00e1vel pelo tratamento de dados tiver o consentimento expresso do Utilizador.<\/p><p>No entanto, em alguns casos, podem ser realizadas colabora\u00e7\u00f5es com outros profissionais; nesses casos, ser\u00e1 necess\u00e1rio o consentimento do Utilizador, informando a identidade do colaborador e o objectivo da colabora\u00e7\u00e3o. Esta colabora\u00e7\u00e3o ser\u00e1 sempre efectuada com as mais rigorosas normas de seguran\u00e7a.<\/p><h2>Conte\u00fado de outros s\u00edtios Web<\/h2><p>As p\u00e1ginas deste s\u00edtio Web podem incluir conte\u00fados incorporados (por exemplo, v\u00eddeos, imagens, artigos, etc.). O conte\u00fado incorporado de outros s\u00edtios Web comporta-se exactamente da mesma forma como se o utilizador tivesse visitado o outro s\u00edtio Web.<\/p><p>Estes s\u00edtios Web podem recolher dados sobre o utilizador, utilizar cookies, incorporar c\u00f3digo de rastreio adicional de terceiros e monitorizar a sua interac\u00e7\u00e3o utilizando este c\u00f3digo.<\/p><h2>Pol\u00edtica de Cookies<\/h2><p>Para que este s\u00edtio Web funcione correctamente, \u00e9 necess\u00e1rio utilizar cookies, que s\u00e3o informa\u00e7\u00f5es armazenadas no seu navegador Web.<\/p><h2>Legitima\u00e7\u00e3o do tratamento de dados<\/h2><p>A base jur\u00eddica para o tratamento dos seus dados \u00e9:<\/p><ul><li>O consentimento da pessoa em causa.<\/li><\/ul><p>\u00a0<\/p><h2>Categorias de dados pessoais<\/h2><p>As categorias de dados pessoais tratados pelo respons\u00e1vel pelo tratamento de dados s\u00e3o:<\/p><ul><li>Dados de identifica\u00e7\u00e3o.<\/li><li>N\u00e3o s\u00e3o tratadas categorias de dados especialmente protegidas.<\/li><\/ul><p>\u00a0<\/p><h2>Conserva\u00e7\u00e3o de dados pessoais<\/h2><p>Os dados pessoais fornecidos ao Respons\u00e1vel pelo tratamento de dados ser\u00e3o conservados at\u00e9 que o utilizador solicite a sua elimina\u00e7\u00e3o.<\/p><div id=\"destinatarios\"><h2>Destinat\u00e1rios dos dados pessoais<\/h2><ul><li><b>Google Analytics<\/b>\u00a0\u00e9 um servi\u00e7o de an\u00e1lise da Web fornecido pela Google, Inc., uma empresa do Delaware com sede em 1600 Amphitheatre Parkway, Mountain View (Calif\u00f3rnia), CA 94043, Estados Unidos (\"Google\").<br \/>O Google Analytics utiliza \"cookies\", que s\u00e3o ficheiros de texto colocados no seu computador, para ajudar o Respons\u00e1vel a analisar a forma como os utilizadores utilizam o s\u00edtio Web. As informa\u00e7\u00f5es geradas pelo cookie sobre a sua utiliza\u00e7\u00e3o do s\u00edtio Web (incluindo o seu endere\u00e7o IP) ser\u00e3o transmitidas e armazenadas pela Google em servidores nos Estados Unidos.<br \/>Para mais informa\u00e7\u00f5es, consultar\u00a0<a href=\"https:\/\/policies.google.com\/privacy?hl=pt-pt\" target=\"_blank\" rel=\"nofollow noopener\">https:\/\/analytics.google.com<\/a><\/li><\/ul><\/div><p>Pode ler sobre a forma como a Google lida com a privacidade relativamente \u00e0 utiliza\u00e7\u00e3o de cookies e outras informa\u00e7\u00f5es na p\u00e1gina da Pol\u00edtica de privacidade da Google:\u00a0<a href=\"https:\/\/policies.google.com\/privacy?hl=pt\" target=\"_blank\" rel=\"nofollow noopener\">https:\/\/policies.google.com\/privacy?hl=pt<\/a><\/p><p>Tamb\u00e9m pode consultar uma lista dos tipos de cookies utilizados pela Google e pelos seus parceiros e todas as informa\u00e7\u00f5es relativas \u00e0 utiliza\u00e7\u00e3o de cookies de publicidade em:<\/p><ul><li><a href=\"https:\/\/policies.google.com\/technologies\/types?hl=pt\" target=\"_blank\" rel=\"nofollow noopener\">Tipos de cookies utilizados pela Google<\/a><\/li><li><a href=\"https:\/\/policies.google.com\/technologies\/ads?hl=pt\" target=\"_blank\" rel=\"nofollow noopener\">Como \u00e9 que a Google utiliza os cookies na publicidade<\/a>.<\/li><\/ul><p>\u00a0<\/p><h2>Navega\u00e7\u00e3o na Web<\/h2><p>\u00c0 medida que o utilizador navega no Web site, podem ser recolhidos dados n\u00e3o identificadores, que podem incluir, endere\u00e7o IP, geolocaliza\u00e7\u00e3o, um registo da forma como os servi\u00e7os e sites s\u00e3o utilizados, h\u00e1bitos de navega\u00e7\u00e3o e outros dados que n\u00e3o podem ser utilizados para identificar o utilizador.<\/p><p>O s\u00edtio Web utiliza os seguintes servi\u00e7os de an\u00e1lise de terceiros:<\/p><ul><li>Google Analytics.<\/li><\/ul><p>O Respons\u00e1vel utiliza as informa\u00e7\u00f5es obtidas para obter dados estat\u00edsticos, analisar tend\u00eancias, administrar o s\u00edtio, estudar padr\u00f5es de navega\u00e7\u00e3o e recolher informa\u00e7\u00f5es demogr\u00e1ficas.<\/p><p>O Respons\u00e1vel n\u00e3o se responsabiliza pelo tratamento de dados pessoais por parte de sites que podem ser acedidos atrav\u00e9s das v\u00e1rias liga\u00e7\u00f5es contidas no Site.<\/p><h2>Exactid\u00e3o e veracidade dos dados pessoais<\/h2><p>O utilizador compromete-se a garantir que os dados fornecidos ao respons\u00e1vel pelo tratamento de dados s\u00e3o correctos, completos, exactos e actualizados, bem como a mant\u00ea-los devidamente actualizados.<\/p><p>Como Utilizador do S\u00edtio Web, \u00e9 o \u00fanico respons\u00e1vel pela veracidade e correc\u00e7\u00e3o dos dados introduzidos no S\u00edtio Web, exonerando o Propriet\u00e1rio de qualquer responsabilidade a este respeito.<\/p><h2>Aceita\u00e7\u00e3o e consentimento<\/h2><p>Como Utilizador do Website, declara que foi informado das condi\u00e7\u00f5es de protec\u00e7\u00e3o de dados pessoais, e que aceita e consente o processamento de tais dados pelo Respons\u00e1vel na forma e para os fins indicados na presente Pol\u00edtica de Privacidade.<\/p><p>Para contactar o Respons\u00e1vel, subscrever uma newsletter ou fazer coment\u00e1rios neste s\u00edtio Web, \u00e9 necess\u00e1rio aceitar esta Pol\u00edtica de Privacidade.<\/p><h2>Altera\u00e7\u00f5es \u00e0 pol\u00edtica de privacidade<\/h2><p>O Respons\u00e1vel reserva-se o direito de modificar a presente Pol\u00edtica de Privacidade para a adaptar \u00e0 nova legisla\u00e7\u00e3o ou jurisprud\u00eancia, bem como \u00e0s pr\u00e1ticas do sector.<\/p><p>Estas ap\u00f3lices permanecer\u00e3o em vigor at\u00e9 serem alteradas por outras ap\u00f3lices devidamente publicadas.<\/p>\t\t\t\t\t\t<\/div>\n\t\t\t\t<\/div>\n\t\t\t\t\t<\/div>\n\t\t<\/div>\n\t\t\t\t\t\t\t<\/div>\n\t\t<\/section>\n\t\t\t\t\t\t\t<\/div>","protected":false},"excerpt":{"rendered":"<p>Pol\u00edtica de privacidad El Titular le informa sobre su Pol\u00edtica de Privacidad respecto del tratamiento y protecci\u00f3n de los datos de car\u00e1cter personal de los usuarios que puedan ser recabados durante la navegaci\u00f3n a trav\u00e9s del Sitio Web:\u00a0https:\/\/comercialcostas.com En este sentido, el Titular garantiza el cumplimiento de la normativa vigente en materia de protecci\u00f3n de&hellip;&nbsp;<a href=\"https:\/\/comercialcostas.com\/pt\/politica-de-privacidad\/\" class=\"\" rel=\"bookmark\">Read More &raquo;<span class=\"screen-reader-text\">Pol\u00edtica de privacidade<\/span><\/a><\/p>","protected":false},"author":1,"featured_media":0,"parent":0,"menu_order":0,"comment_status":"closed","ping_status":"closed","template":"page-templates\/template-pagebuilder-full-width.php","meta":{"neve_meta_sidebar":"","neve_meta_container":"","neve_meta_enable_content_width":"","neve_meta_content_width":0,"neve_meta_title_alignment":"","neve_meta_author_avatar":"","neve_post_elements_order":"","neve_meta_disable_header":"","neve_meta_disable_footer":"","neve_meta_disable_title":""},"yoast_head":"<!-- This site is optimized with the Yoast SEO plugin v20.9 - https:\/\/yoast.com\/wordpress\/plugins\/seo\/ -->\n<title>Pol\u00edtica de privacidad - Comercial Costas<\/title>\n<meta name=\"robots\" content=\"index, follow, max-snippet:-1, max-image-preview:large, max-video-preview:-1\" \/>\n<link rel=\"canonical\" href=\"https:\/\/comercialcostas.com\/pt\/politica-de-privacidad\/\" \/>\n<meta property=\"og:locale\" content=\"pt_PT\" \/>\n<meta property=\"og:type\" content=\"article\" \/>\n<meta property=\"og:title\" content=\"Pol\u00edtica de privacidad - Comercial Costas\" \/>\n<meta property=\"og:description\" content=\"Pol\u00edtica de privacidad El Titular le informa sobre su Pol\u00edtica de Privacidad respecto del tratamiento y protecci\u00f3n de los datos de car\u00e1cter personal de los usuarios que puedan ser recabados durante la navegaci\u00f3n a trav\u00e9s del Sitio Web:\u00a0https:\/\/comercialcostas.com En este sentido, el Titular garantiza el cumplimiento de la normativa vigente en materia de protecci\u00f3n de&hellip;&nbsp;Read More &raquo;Pol\u00edtica de privacidad\" \/>\n<meta property=\"og:url\" content=\"https:\/\/comercialcostas.com\/pt\/politica-de-privacidad\/\" \/>\n<meta property=\"og:site_name\" content=\"Comercial Costas\" \/>\n<meta property=\"article:publisher\" content=\"https:\/\/www.facebook.com\/comercialcostasfernandez\/\" \/>\n<meta property=\"article:modified_time\" content=\"2023-05-11T09:30:52+00:00\" \/>\n<meta name=\"twitter:card\" content=\"summary_large_image\" \/>\n<meta name=\"twitter:label1\" content=\"Est. reading time\" \/>\n\t<meta name=\"twitter:data1\" content=\"8 minutes\" \/>\n<script type=\"application\/ld+json\" class=\"yoast-schema-graph\">{\"@context\":\"https:\/\/schema.org\",\"@graph\":[{\"@type\":\"WebPage\",\"@id\":\"https:\/\/comercialcostas.com\/politica-de-privacidad\/\",\"url\":\"https:\/\/comercialcostas.com\/politica-de-privacidad\/\",\"name\":\"Pol\u00edtica de privacidad - Comercial Costas\",\"isPartOf\":{\"@id\":\"https:\/\/comercialcostas.com\/#website\"},\"datePublished\":\"2023-05-11T09:20:53+00:00\",\"dateModified\":\"2023-05-11T09:30:52+00:00\",\"inLanguage\":\"pt-PT\",\"potentialAction\":[{\"@type\":\"ReadAction\",\"target\":[\"https:\/\/comercialcostas.com\/politica-de-privacidad\/\"]}]},{\"@type\":\"WebSite\",\"@id\":\"https:\/\/comercialcostas.com\/#website\",\"url\":\"https:\/\/comercialcostas.com\/\",\"name\":\"Comercial Costas\",\"description\":\"\",\"publisher\":{\"@id\":\"https:\/\/comercialcostas.com\/#organization\"},\"potentialAction\":[{\"@type\":\"SearchAction\",\"target\":{\"@type\":\"EntryPoint\",\"urlTemplate\":\"https:\/\/comercialcostas.com\/?s={search_term_string}\"},\"query-input\":\"required name=search_term_string\"}],\"inLanguage\":\"pt-PT\"},{\"@type\":\"Organization\",\"@id\":\"https:\/\/comercialcostas.com\/#organization\",\"name\":\"Comercial Costas\",\"url\":\"https:\/\/comercialcostas.com\/\",\"logo\":{\"@type\":\"ImageObject\",\"inLanguage\":\"pt-PT\",\"@id\":\"https:\/\/comercialcostas.com\/#\/schema\/logo\/image\/\",\"url\":\"https:\/\/comercialcostas.com\/wp-content\/uploads\/2023\/01\/301683744_401473612108353_5137361906652368743_n.jpg\",\"contentUrl\":\"https:\/\/comercialcostas.com\/wp-content\/uploads\/2023\/01\/301683744_401473612108353_5137361906652368743_n.jpg\",\"width\":400,\"height\":333,\"caption\":\"Comercial Costas\"},\"image\":{\"@id\":\"https:\/\/comercialcostas.com\/#\/schema\/logo\/image\/\"},\"sameAs\":[\"https:\/\/www.facebook.com\/comercialcostasfernandez\/\"]}]}<\/script>\n<!-- \/ Yoast SEO plugin. -->","yoast_head_json":{"title":"Pol\u00edtica de privacidad - Comercial Costas","robots":{"index":"index","follow":"follow","max-snippet":"max-snippet:-1","max-image-preview":"max-image-preview:large","max-video-preview":"max-video-preview:-1"},"canonical":"https:\/\/comercialcostas.com\/pt\/politica-de-privacidad\/","og_locale":"pt_PT","og_type":"article","og_title":"Pol\u00edtica de privacidad - Comercial Costas","og_description":"Pol\u00edtica de privacidad El Titular le informa sobre su Pol\u00edtica de Privacidad respecto del tratamiento y protecci\u00f3n de los datos de car\u00e1cter personal de los usuarios que puedan ser recabados durante la navegaci\u00f3n a trav\u00e9s del Sitio Web:\u00a0https:\/\/comercialcostas.com En este sentido, el Titular garantiza el cumplimiento de la normativa vigente en materia de protecci\u00f3n de&hellip;&nbsp;Read More &raquo;Pol\u00edtica de privacidad","og_url":"https:\/\/comercialcostas.com\/pt\/politica-de-privacidad\/","og_site_name":"Comercial Costas","article_publisher":"https:\/\/www.facebook.com\/comercialcostasfernandez\/","article_modified_time":"2023-05-11T09:30:52+00:00","twitter_card":"summary_large_image","twitter_misc":{"Est. reading time":"8 minutes"},"schema":{"@context":"https:\/\/schema.org","@graph":[{"@type":"WebPage","@id":"https:\/\/comercialcostas.com\/politica-de-privacidad\/","url":"https:\/\/comercialcostas.com\/politica-de-privacidad\/","name":"Pol\u00edtica de privacidad - Comercial Costas","isPartOf":{"@id":"https:\/\/comercialcostas.com\/#website"},"datePublished":"2023-05-11T09:20:53+00:00","dateModified":"2023-05-11T09:30:52+00:00","inLanguage":"pt-PT","potentialAction":[{"@type":"ReadAction","target":["https:\/\/comercialcostas.com\/politica-de-privacidad\/"]}]},{"@type":"WebSite","@id":"https:\/\/comercialcostas.com\/#website","url":"https:\/\/comercialcostas.com\/","name":"Comercial Costas","description":"","publisher":{"@id":"https:\/\/comercialcostas.com\/#organization"},"potentialAction":[{"@type":"SearchAction","target":{"@type":"EntryPoint","urlTemplate":"https:\/\/comercialcostas.com\/?s={search_term_string}"},"query-input":"required name=search_term_string"}],"inLanguage":"pt-PT"},{"@type":"Organization","@id":"https:\/\/comercialcostas.com\/#organization","name":"Comercial Costas","url":"https:\/\/comercialcostas.com\/","logo":{"@type":"ImageObject","inLanguage":"pt-PT","@id":"https:\/\/comercialcostas.com\/#\/schema\/logo\/image\/","url":"https:\/\/comercialcostas.com\/wp-content\/uploads\/2023\/01\/301683744_401473612108353_5137361906652368743_n.jpg","contentUrl":"https:\/\/comercialcostas.com\/wp-content\/uploads\/2023\/01\/301683744_401473612108353_5137361906652368743_n.jpg","width":400,"height":333,"caption":"Comercial Costas"},"image":{"@id":"https:\/\/comercialcostas.com\/#\/schema\/logo\/image\/"},"sameAs":["https:\/\/www.facebook.com\/comercialcostasfernandez\/"]}]}},"_links":{"self":[{"href":"https:\/\/comercialcostas.com\/pt\/wp-json\/wp\/v2\/pages\/890"}],"collection":[{"href":"https:\/\/comercialcostas.com\/pt\/wp-json\/wp\/v2\/pages"}],"about":[{"href":"https:\/\/comercialcostas.com\/pt\/wp-json\/wp\/v2\/types\/page"}],"author":[{"embeddable":true,"href":"https:\/\/comercialcostas.com\/pt\/wp-json\/wp\/v2\/users\/1"}],"replies":[{"embeddable":true,"href":"https:\/\/comercialcostas.com\/pt\/wp-json\/wp\/v2\/comments?post=890"}],"version-history":[{"count":14,"href":"https:\/\/comercialcostas.com\/pt\/wp-json\/wp\/v2\/pages\/890\/revisions"}],"predecessor-version":[{"id":905,"href":"https:\/\/comercialcostas.com\/pt\/wp-json\/wp\/v2\/pages\/890\/revisions\/905"}],"wp:attachment":[{"href":"https:\/\/comercialcostas.com\/pt\/wp-json\/wp\/v2\/media?parent=890"}],"curies":[{"name":"wp","href":"https:\/\/api.w.org\/{rel}","templated":true}]}}