{"id":762,"date":"2023-03-30T11:34:38","date_gmt":"2023-03-30T09:34:38","guid":{"rendered":"https:\/\/comercialcostas.com\/?page_id=762"},"modified":"2023-04-13T10:21:04","modified_gmt":"2023-04-13T08:21:04","slug":"politica-de-cookies","status":"publish","type":"page","link":"https:\/\/comercialcostas.com\/pt\/politica-de-cookies\/","title":{"rendered":"Pol\u00edtica de cookies"},"content":{"rendered":"<div data-elementor-type=\"wp-page\" data-elementor-id=\"762\" class=\"elementor elementor-762\">\n\t\t\t\t\t\t\t\t\t<section class=\"elementor-section elementor-top-section elementor-element elementor-element-e95a5cc elementor-section-height-min-height elementor-section-items-top elementor-section-boxed elementor-section-height-default\" data-id=\"e95a5cc\" data-element_type=\"section\" data-settings=\"{&quot;background_background&quot;:&quot;classic&quot;}\">\n\t\t\t\t\t\t<div class=\"elementor-container elementor-column-gap-default\">\n\t\t\t\t\t<div class=\"elementor-column elementor-col-100 elementor-top-column elementor-element elementor-element-1a7d31f\" data-id=\"1a7d31f\" data-element_type=\"column\">\n\t\t\t<div class=\"elementor-widget-wrap elementor-element-populated\">\n\t\t\t\t\t\t\t\t<div class=\"elementor-element elementor-element-a4a28ac elementor-widget elementor-widget-html\" data-id=\"a4a28ac\" data-element_type=\"widget\" data-widget_type=\"html.default\">\n\t\t\t\t<div class=\"elementor-widget-container\">\n\t\t\t<style>\r\n    a.cky-banner-element {\r\n        padding: 8px 30px;\r\n        background: #F8F9FA;\r\n        color: #858A8F;\r\n        border: 1px solid #DEE2E6;\r\n        box-sizing: border-box;\r\n        border-radius: 2px;\r\n        cursor: pointer;\r\n}\r\n<\/style>\r\n<h1 class=\"cookie-policy-h1\">Pol\u00edtica de Cookies<\/h1>\r\n<p>\r\n    Data de vig\u00eancia: 30-Mar-2023 <br>\r\n    \u00daltima actualiza\u00e7\u00e3o: 30-Mar-2023\r\n<\/p>\r\n \r\n\r\n<h5>O que s\u00e3o bolachas?<\/h5>\r\n<div class=\"cookie-policy-p\"><p>Esta Pol\u00edtica de Cookies explica o que s\u00e3o cookies e como os utilizamos, os tipos de cookies que utilizamos, ou seja, as informa\u00e7\u00f5es que recolhemos atrav\u00e9s dos cookies, como essas informa\u00e7\u00f5es s\u00e3o utilizadas e como gerir as suas defini\u00e7\u00f5es de cookies.<\/p> <p>Os cookies s\u00e3o pequenos ficheiros de texto que s\u00e3o utilizados para armazenar pequenas informa\u00e7\u00f5es. S\u00e3o armazenados no seu dispositivo quando o s\u00edtio Web \u00e9 carregado no seu navegador. Estes cookies ajudam-nos a fazer com que o s\u00edtio Web funcione correctamente, a torn\u00e1-lo mais seguro, a proporcionar uma melhor experi\u00eancia ao utilizador, a compreender como o s\u00edtio Web funciona e a analisar o que funciona e onde precisa de ser melhorado.<\/p><\/div>\r\n \r\n\r\n<h5>Como \u00e9 que utilizamos os cookies?<\/h5>\r\n<div class=\"cookie-policy-p\"><p>Tal como a maioria dos servi\u00e7os em linha, o nosso s\u00edtio Web utiliza cookies pr\u00f3prios e de terceiros para diversos fins. Os cookies pr\u00f3prios s\u00e3o essencialmente necess\u00e1rios para que o s\u00edtio Web funcione correctamente e n\u00e3o recolhem quaisquer informa\u00e7\u00f5es pessoais identific\u00e1veis do utilizador.<\/p> <p>Os cookies de terceiros utilizados no nosso s\u00edtio Web destinam-se principalmente a compreender o funcionamento do s\u00edtio Web, a forma como o utilizador interage com o nosso s\u00edtio Web, a manter os nossos servi\u00e7os seguros, a fornecer an\u00fancios relevantes para o utilizador e, de um modo geral, a proporcionar-lhe uma melhor experi\u00eancia de utilizador e a ajudar a acelerar as suas futuras interac\u00e7\u00f5es com o nosso s\u00edtio Web.<\/p><\/div>\r\n \r\n<h5>Tipos de cookies que utilizamos<\/h5>\r\n<div class=\"cky-audit-table-element\"><\/div>\r\n<h5 style=\"margin-bottom:20px;\">Gerir as prefer\u00eancias de cookies<\/h5>\r\n<a class=\"cky-banner-element\">Defini\u00e7\u00f5es de cookies<\/a> <br\/>\r\n<div style=\"height: 20px;\"><\/div>\r\n\r\n\r\n<div><p>Pode alterar as suas prefer\u00eancias de cookies em qualquer altura, clicando no bot\u00e3o acima. Isto permitir-lhe-\u00e1 voltar a visitar a faixa de consentimento de cookies e alterar as suas prefer\u00eancias ou retirar o seu consentimento imediatamente.<\/p> <p>Al\u00e9m disso, os diferentes navegadores oferecem diferentes m\u00e9todos para bloquear e apagar os cookies utilizados pelos s\u00edtios Web. Pode alterar as defini\u00e7\u00f5es do seu navegador para bloquear\/eliminar os cookies. Abaixo encontram-se liga\u00e7\u00f5es para documentos de apoio sobre como gerir e eliminar cookies dos principais navegadores Web.<\/p> <p>Chrome: <a href=\"https:\/\/support.google.com\/accounts\/answer\/32050\" target=\"_blank\">https:\/\/support.google.com\/accounts\/answer\/32050<\/a> <\/p><p> Safari: <a href=\"https:\/\/support.apple.com\/pt-pt\/guide\/safari\/sfri11471\/mac\" target=\"_blank\">https:\/\/support.apple.com\/pt-pt<\/a> <\/p> <p>Firefox: <a href=\"https:\/\/support.mozilla.org\/pt-pt\/kb\/clear-cookies-and-site-data-firefox?redirectslug=delete-cookies-remove-info-websites-stored&amp;redirectlocale=pt-pt\" target=\"_blank\" rel=\"noopener\">https:\/\/support.mozilla.org\/pt-pt\/kb\/clear-cookies-and-site-data-firefox?redirectslug=delete-cookies-remove-info-websites-stored&amp;redirectlocale=pt-pt<\/a><\/p> <p>Internet Explorer: <a href=\"https:\/\/support.microsoft.com\/pt-pt\/topic\/how-to-delete-cookie-files-in-internet-explorer-bca9446f-d873-78de-77ba-d42645fa52fc\" target=\"_blank\" rel=\"noopener\">https:\/\/support.microsoft.com\/pt-pt\/topic\/how-to-delete-cookie-files-in-internet-explorer-bca9446f-d873-78de-77ba-d42645fa52fc<\/a><\/p> <p>Se estiver a utilizar qualquer outro navegador Web, consulte os documentos de apoio oficiais do seu navegador.\r\n<div style=\"height: 50px;\"><\/div>\r\n\r\n    \t\t<\/div>\n\t\t\t\t<\/div>\n\t\t\t\t\t<\/div>\n\t\t<\/div>\n\t\t\t\t\t\t\t<\/div>\n\t\t<\/section>\n\t\t\t\t\t\t\t<\/div>","protected":false},"excerpt":{"rendered":"<p>Pol\u00edtica de Cookies Fecha efectiva: 30-Mar-2023 \u00daltima actualizaci\u00f3n: 30-Mar-2023 \u00bfQu\u00e9 son las cookies? Esta Pol\u00edtica de Cookies explica qu\u00e9 son las cookies y c\u00f3mo las utilizamos, los tipos de cookies que utilizamos, es decir, la informaci\u00f3n que recopilamos mediante las cookies, c\u00f3mo se utiliza esa informaci\u00f3n y c\u00f3mo gestionar la configuraci\u00f3n de las cookies. Las&hellip;&nbsp;<a href=\"https:\/\/comercialcostas.com\/pt\/politica-de-cookies\/\" class=\"\" rel=\"bookmark\">Read More &raquo;<span class=\"screen-reader-text\">Pol\u00edtica de cookies<\/span><\/a><\/p>","protected":false},"author":1,"featured_media":0,"parent":0,"menu_order":0,"comment_status":"closed","ping_status":"closed","template":"page-templates\/template-pagebuilder-full-width.php","meta":{"neve_meta_sidebar":"","neve_meta_container":"","neve_meta_enable_content_width":"","neve_meta_content_width":0,"neve_meta_title_alignment":"","neve_meta_author_avatar":"","neve_post_elements_order":"","neve_meta_disable_header":"","neve_meta_disable_footer":"","neve_meta_disable_title":""},"yoast_head":"<!-- This site is optimized with the Yoast SEO plugin v20.9 - https:\/\/yoast.com\/wordpress\/plugins\/seo\/ -->\n<title>Pol\u00edtica de cookies - Comercial Costas<\/title>\n<meta name=\"robots\" content=\"index, follow, max-snippet:-1, max-image-preview:large, max-video-preview:-1\" \/>\n<link rel=\"canonical\" href=\"https:\/\/comercialcostas.com\/pt\/politica-de-cookies\/\" \/>\n<meta property=\"og:locale\" content=\"pt_PT\" \/>\n<meta property=\"og:type\" content=\"article\" \/>\n<meta property=\"og:title\" content=\"Pol\u00edtica de cookies - Comercial Costas\" \/>\n<meta property=\"og:description\" content=\"Pol\u00edtica de Cookies Fecha efectiva: 30-Mar-2023 \u00daltima actualizaci\u00f3n: 30-Mar-2023 \u00bfQu\u00e9 son las cookies? Esta Pol\u00edtica de Cookies explica qu\u00e9 son las cookies y c\u00f3mo las utilizamos, los tipos de cookies que utilizamos, es decir, la informaci\u00f3n que recopilamos mediante las cookies, c\u00f3mo se utiliza esa informaci\u00f3n y c\u00f3mo gestionar la configuraci\u00f3n de las cookies. Las&hellip;&nbsp;Read More &raquo;Pol\u00edtica de cookies\" \/>\n<meta property=\"og:url\" content=\"https:\/\/comercialcostas.com\/pt\/politica-de-cookies\/\" \/>\n<meta property=\"og:site_name\" content=\"Comercial Costas\" \/>\n<meta property=\"article:publisher\" content=\"https:\/\/www.facebook.com\/comercialcostasfernandez\/\" \/>\n<meta property=\"article:modified_time\" content=\"2023-04-13T08:21:04+00:00\" \/>\n<meta name=\"twitter:card\" content=\"summary_large_image\" \/>\n<meta name=\"twitter:label1\" content=\"Est. reading time\" \/>\n\t<meta name=\"twitter:data1\" content=\"2 minutes\" \/>\n<script type=\"application\/ld+json\" class=\"yoast-schema-graph\">{\"@context\":\"https:\/\/schema.org\",\"@graph\":[{\"@type\":\"WebPage\",\"@id\":\"https:\/\/comercialcostas.com\/politica-de-cookies\/\",\"url\":\"https:\/\/comercialcostas.com\/politica-de-cookies\/\",\"name\":\"Pol\u00edtica de cookies - Comercial Costas\",\"isPartOf\":{\"@id\":\"https:\/\/comercialcostas.com\/#website\"},\"datePublished\":\"2023-03-30T09:34:38+00:00\",\"dateModified\":\"2023-04-13T08:21:04+00:00\",\"inLanguage\":\"pt-PT\",\"potentialAction\":[{\"@type\":\"ReadAction\",\"target\":[\"https:\/\/comercialcostas.com\/politica-de-cookies\/\"]}]},{\"@type\":\"WebSite\",\"@id\":\"https:\/\/comercialcostas.com\/#website\",\"url\":\"https:\/\/comercialcostas.com\/\",\"name\":\"Comercial Costas\",\"description\":\"\",\"publisher\":{\"@id\":\"https:\/\/comercialcostas.com\/#organization\"},\"potentialAction\":[{\"@type\":\"SearchAction\",\"target\":{\"@type\":\"EntryPoint\",\"urlTemplate\":\"https:\/\/comercialcostas.com\/?s={search_term_string}\"},\"query-input\":\"required name=search_term_string\"}],\"inLanguage\":\"pt-PT\"},{\"@type\":\"Organization\",\"@id\":\"https:\/\/comercialcostas.com\/#organization\",\"name\":\"Comercial Costas\",\"url\":\"https:\/\/comercialcostas.com\/\",\"logo\":{\"@type\":\"ImageObject\",\"inLanguage\":\"pt-PT\",\"@id\":\"https:\/\/comercialcostas.com\/#\/schema\/logo\/image\/\",\"url\":\"https:\/\/comercialcostas.com\/wp-content\/uploads\/2023\/01\/301683744_401473612108353_5137361906652368743_n.jpg\",\"contentUrl\":\"https:\/\/comercialcostas.com\/wp-content\/uploads\/2023\/01\/301683744_401473612108353_5137361906652368743_n.jpg\",\"width\":400,\"height\":333,\"caption\":\"Comercial Costas\"},\"image\":{\"@id\":\"https:\/\/comercialcostas.com\/#\/schema\/logo\/image\/\"},\"sameAs\":[\"https:\/\/www.facebook.com\/comercialcostasfernandez\/\"]}]}<\/script>\n<!-- \/ Yoast SEO plugin. -->","yoast_head_json":{"title":"Pol\u00edtica de cookies - Comercial Costas","robots":{"index":"index","follow":"follow","max-snippet":"max-snippet:-1","max-image-preview":"max-image-preview:large","max-video-preview":"max-video-preview:-1"},"canonical":"https:\/\/comercialcostas.com\/pt\/politica-de-cookies\/","og_locale":"pt_PT","og_type":"article","og_title":"Pol\u00edtica de cookies - Comercial Costas","og_description":"Pol\u00edtica de Cookies Fecha efectiva: 30-Mar-2023 \u00daltima actualizaci\u00f3n: 30-Mar-2023 \u00bfQu\u00e9 son las cookies? Esta Pol\u00edtica de Cookies explica qu\u00e9 son las cookies y c\u00f3mo las utilizamos, los tipos de cookies que utilizamos, es decir, la informaci\u00f3n que recopilamos mediante las cookies, c\u00f3mo se utiliza esa informaci\u00f3n y c\u00f3mo gestionar la configuraci\u00f3n de las cookies. Las&hellip;&nbsp;Read More &raquo;Pol\u00edtica de cookies","og_url":"https:\/\/comercialcostas.com\/pt\/politica-de-cookies\/","og_site_name":"Comercial Costas","article_publisher":"https:\/\/www.facebook.com\/comercialcostasfernandez\/","article_modified_time":"2023-04-13T08:21:04+00:00","twitter_card":"summary_large_image","twitter_misc":{"Est. reading time":"2 minutes"},"schema":{"@context":"https:\/\/schema.org","@graph":[{"@type":"WebPage","@id":"https:\/\/comercialcostas.com\/politica-de-cookies\/","url":"https:\/\/comercialcostas.com\/politica-de-cookies\/","name":"Pol\u00edtica de cookies - Comercial Costas","isPartOf":{"@id":"https:\/\/comercialcostas.com\/#website"},"datePublished":"2023-03-30T09:34:38+00:00","dateModified":"2023-04-13T08:21:04+00:00","inLanguage":"pt-PT","potentialAction":[{"@type":"ReadAction","target":["https:\/\/comercialcostas.com\/politica-de-cookies\/"]}]},{"@type":"WebSite","@id":"https:\/\/comercialcostas.com\/#website","url":"https:\/\/comercialcostas.com\/","name":"Comercial Costas","description":"","publisher":{"@id":"https:\/\/comercialcostas.com\/#organization"},"potentialAction":[{"@type":"SearchAction","target":{"@type":"EntryPoint","urlTemplate":"https:\/\/comercialcostas.com\/?s={search_term_string}"},"query-input":"required name=search_term_string"}],"inLanguage":"pt-PT"},{"@type":"Organization","@id":"https:\/\/comercialcostas.com\/#organization","name":"Comercial Costas","url":"https:\/\/comercialcostas.com\/","logo":{"@type":"ImageObject","inLanguage":"pt-PT","@id":"https:\/\/comercialcostas.com\/#\/schema\/logo\/image\/","url":"https:\/\/comercialcostas.com\/wp-content\/uploads\/2023\/01\/301683744_401473612108353_5137361906652368743_n.jpg","contentUrl":"https:\/\/comercialcostas.com\/wp-content\/uploads\/2023\/01\/301683744_401473612108353_5137361906652368743_n.jpg","width":400,"height":333,"caption":"Comercial Costas"},"image":{"@id":"https:\/\/comercialcostas.com\/#\/schema\/logo\/image\/"},"sameAs":["https:\/\/www.facebook.com\/comercialcostasfernandez\/"]}]}},"_links":{"self":[{"href":"https:\/\/comercialcostas.com\/pt\/wp-json\/wp\/v2\/pages\/762"}],"collection":[{"href":"https:\/\/comercialcostas.com\/pt\/wp-json\/wp\/v2\/pages"}],"about":[{"href":"https:\/\/comercialcostas.com\/pt\/wp-json\/wp\/v2\/types\/page"}],"author":[{"embeddable":true,"href":"https:\/\/comercialcostas.com\/pt\/wp-json\/wp\/v2\/users\/1"}],"replies":[{"embeddable":true,"href":"https:\/\/comercialcostas.com\/pt\/wp-json\/wp\/v2\/comments?post=762"}],"version-history":[{"count":33,"href":"https:\/\/comercialcostas.com\/pt\/wp-json\/wp\/v2\/pages\/762\/revisions"}],"predecessor-version":[{"id":838,"href":"https:\/\/comercialcostas.com\/pt\/wp-json\/wp\/v2\/pages\/762\/revisions\/838"}],"wp:attachment":[{"href":"https:\/\/comercialcostas.com\/pt\/wp-json\/wp\/v2\/media?parent=762"}],"curies":[{"name":"wp","href":"https:\/\/api.w.org\/{rel}","templated":true}]}}